{"id":6054,"date":"2024-04-26T11:42:52","date_gmt":"2024-04-26T11:42:52","guid":{"rendered":"https:\/\/diatic.es\/?page_id=6054"},"modified":"2026-04-15T11:04:53","modified_gmt":"2026-04-15T11:04:53","slug":"agenda","status":"publish","type":"page","link":"https:\/\/diatic.es\/index.php\/agenda\/","title":{"rendered":"Agenda"},"content":{"rendered":"[vc_row type=\u00bbfull_width_content\u00bb full_screen_row_position=\u00bbmiddle\u00bb column_margin=\u00bbdefault\u00bb column_direction=\u00bbdefault\u00bb column_direction_tablet=\u00bbdefault\u00bb column_direction_phone=\u00bbdefault\u00bb bg_color=\u00bb#000000&#8243; scene_position=\u00bbcenter\u00bb text_color=\u00bblight\u00bb text_align=\u00bbleft\u00bb row_border_radius=\u00bbnone\u00bb row_border_radius_applies=\u00bbbg\u00bb overflow=\u00bbvisible\u00bb id=\u00bblocations\u00bb overlay_strength=\u00bb0.3&#8243; gradient_direction=\u00bbleft_to_right\u00bb shape_divider_position=\u00bbbottom\u00bb bg_image_animation=\u00bbnone\u00bb gradient_type=\u00bbdefault\u00bb shape_type=\u00bb\u00bb][vc_column column_padding=\u00bbpadding-6-percent\u00bb column_padding_tablet=\u00bbinherit\u00bb column_padding_phone=\u00bbinherit\u00bb column_padding_position=\u00bball\u00bb column_element_direction_desktop=\u00bbdefault\u00bb column_element_spacing=\u00bbdefault\u00bb desktop_text_alignment=\u00bbdefault\u00bb tablet_text_alignment=\u00bbdefault\u00bb phone_text_alignment=\u00bbdefault\u00bb background_color=\u00bb#ffffff\u00bb background_color_opacity=\u00bb1&#8243; background_hover_color_opacity=\u00bb1&#8243; column_backdrop_filter=\u00bbnone\u00bb font_color=\u00bb#2a3949&#8243; column_shadow=\u00bbnone\u00bb column_border_radius=\u00bbnone\u00bb column_link_target=\u00bb_self\u00bb column_position=\u00bbdefault\u00bb gradient_direction=\u00bbleft_to_right\u00bb overlay_strength=\u00bb0.3&#8243; width=\u00bb1\/2&#8243; tablet_width_inherit=\u00bbdefault\u00bb animation_type=\u00bbdefault\u00bb bg_image_animation=\u00bbnone\u00bb border_type=\u00bbsimple\u00bb column_border_width=\u00bbnone\u00bb column_border_style=\u00bbsolid\u00bb column_padding_type=\u00bbdefault\u00bb gradient_type=\u00bbdefault\u00bb][vc_column_text css=\u00bb\u00bb text_direction=\u00bbdefault\u00bb]\n<h2>Jornada T\u00e9cnica<\/h2>\n<h1><span style=\"color: #d8025e;\">9:00 h.<\/span><\/h1>\n<h2>Cuartel de Artiller\u00eda<\/h2>\n<p>C. Cartagena, s\/n, 30002 Murcia[\/vc_column_text][divider line_type=\u00bbNo Line\u00bb custom_height=\u00bb80&#8243;]<div class=\"nectar-fancy-ul\" data-list-icon=\"dot\" data-animation=\"true\" data-animation-delay=\"0\" data-spacing=\"default\" data-alignment=\"left\"> \n<h2><span style=\"color: #d8025e;\">9:00<\/span> Inauguraci\u00f3n<\/h2>\n<p>Excmo. Sr. Consejero de Econom\u00eda, Hacienda, Fondos Europeos y Transformaci\u00f3n Digital &#8211; <strong>Luis Alberto Mar\u00edn<\/strong> <\/div>[divider line_type=\u00bbFull Width Line\u00bb line_thickness=\u00bb1&#8243; divider_color=\u00bbextra-color-3&#8243; divider_opacity=\u00bb50&#8243; animate=\u00bbyes\u00bb custom_height=\u00bb40&#8243;]<div class=\"nectar-fancy-ul\" data-list-icon=\"dot\" data-animation=\"true\" data-animation-delay=\"0\" data-spacing=\"default\" data-alignment=\"left\"> \n<h2><span style=\"color: #d8025e;\">9:15<\/span> Bienvenida<\/h2>\n<p>Excmo. Sr. Alcalde de Murcia &#8211; <strong>Jos\u00e9 Ballesta Germ\u00e1n<\/strong> <\/div>[divider line_type=\u00bbFull Width Line\u00bb line_thickness=\u00bb1&#8243; divider_color=\u00bbextra-color-3&#8243; divider_opacity=\u00bb50&#8243; animate=\u00bbyes\u00bb custom_height=\u00bb40&#8243;]<div class=\"nectar-fancy-ul\" data-list-icon=\"dot\" data-animation=\"true\" data-animation-delay=\"0\" data-spacing=\"default\" data-alignment=\"left\"> \n<h2><span style=\"color: #d8025e;\">9:30<\/span> Retos y oportunidades en tecnolog\u00eda IA en el sector p\u00fablico<\/h2>\n<p>Elevator pitch. Modera ORANGE <\/div>[divider line_type=\u00bbFull Width Line\u00bb line_thickness=\u00bb1&#8243; divider_color=\u00bbextra-color-3&#8243; divider_opacity=\u00bb50&#8243; animate=\u00bbyes\u00bb custom_height=\u00bb40&#8243;]<div class=\"nectar-fancy-ul\" data-list-icon=\"dot\" data-animation=\"true\" data-animation-delay=\"0\" data-spacing=\"default\" data-alignment=\"left\"> \n<h2><span style=\"color: #d8025e;\">10:10<\/span> Cazando gigantes amenazas con IA\u00a0y\u00a0SOAR<\/h2>\n<p>Ponencia CSA <\/div>[divider line_type=\u00bbFull Width Line\u00bb line_thickness=\u00bb1&#8243; divider_color=\u00bbextra-color-3&#8243; divider_opacity=\u00bb50&#8243; animate=\u00bbyes\u00bb custom_height=\u00bb40&#8243;]<div class=\"nectar-fancy-ul\" data-list-icon=\"dot\" data-animation=\"true\" data-animation-delay=\"0\" data-spacing=\"10px\" data-alignment=\"left\"> \n<h2><span style=\"color: #d8025e;\">10:30<\/span> Demerzel Project: El poder de la IA aplicado a robots aut\u00f3nomos<\/h2>\n<p>Ponencia Crowdstrike <\/div>[divider line_type=\u00bbFull Width Line\u00bb line_thickness=\u00bb1&#8243; divider_color=\u00bbextra-color-3&#8243; divider_opacity=\u00bb50&#8243; animate=\u00bbyes\u00bb custom_height=\u00bb40&#8243;]<div class=\"nectar-fancy-ul\" data-list-icon=\"dot\" data-animation=\"true\" data-animation-delay=\"0\" data-spacing=\"10px\" data-alignment=\"left\"> \n<h2><span style=\"color: #d8025e;\">11:00 Coffe break<\/span><\/h2>\n <\/div>[divider line_type=\u00bbFull Width Line\u00bb line_thickness=\u00bb1&#8243; divider_color=\u00bbextra-color-3&#8243; divider_opacity=\u00bb50&#8243; animate=\u00bbyes\u00bb custom_height=\u00bb40&#8243;]<div class=\"nectar-fancy-ul\" data-list-icon=\"dot\" data-animation=\"true\" data-animation-delay=\"0\" data-spacing=\"10px\" data-alignment=\"left\"> \n<h2><span style=\"color: #d8025e;\">11:30<\/span> Casos de \u00e9xito de aplicaci\u00f3n IA en el sector privado<\/h2>\n<p>Mesa redonda <\/div>[divider line_type=\u00bbFull Width Line\u00bb line_thickness=\u00bb1&#8243; divider_color=\u00bbextra-color-3&#8243; divider_opacity=\u00bb50&#8243; animate=\u00bbyes\u00bb custom_height=\u00bb40&#8243;]<div class=\"nectar-fancy-ul\" data-list-icon=\"dot\" data-animation=\"true\" data-animation-delay=\"0\" data-spacing=\"10px\" data-alignment=\"left\"> \n<h2><span style=\"color: #d8025e;\">12:30<\/span> Mando Conjunto del Ciberespacio<\/h2>\n<p>Ponencia, con <strong>Javier Roca<\/strong> <\/div>[divider line_type=\u00bbFull Width Line\u00bb line_thickness=\u00bb1&#8243; divider_color=\u00bbextra-color-3&#8243; divider_opacity=\u00bb50&#8243; animate=\u00bbyes\u00bb custom_height=\u00bb40&#8243;]<div class=\"nectar-fancy-ul\" data-list-icon=\"dot\" data-animation=\"true\" data-animation-delay=\"0\" data-spacing=\"10px\" data-alignment=\"left\"> \n<h2><span style=\"color: #d8025e;\">13:15<\/span> La programaci\u00f3n ha muerto. \u00a1Larga vida a la programaci\u00f3n!<\/h2>\n<p>Keynote Speaker, con <strong>Miguel \u00c1ngel Dur\u00e1n<\/strong> <\/div>[divider line_type=\u00bbFull Width Line\u00bb line_thickness=\u00bb1&#8243; divider_color=\u00bbextra-color-3&#8243; divider_opacity=\u00bb50&#8243; animate=\u00bbyes\u00bb custom_height=\u00bb40&#8243;]<div class=\"nectar-fancy-ul\" data-list-icon=\"dot\" data-animation=\"true\" data-animation-delay=\"0\" data-spacing=\"10px\" data-alignment=\"left\"> \n<h2><span style=\"color: #d8025e;\">13:30<\/span> Clausura<\/h2>\n<p>Director General de Transformaci\u00f3n Digital &#8211; <strong>Javier Mart\u00ednez Gilabert<\/strong> <\/div>[\/vc_column][vc_column column_padding=\u00bbpadding-6-percent\u00bb column_padding_tablet=\u00bbinherit\u00bb column_padding_phone=\u00bbinherit\u00bb column_padding_position=\u00bball\u00bb column_element_direction_desktop=\u00bbdefault\u00bb column_element_spacing=\u00bbdefault\u00bb desktop_text_alignment=\u00bbdefault\u00bb tablet_text_alignment=\u00bbdefault\u00bb phone_text_alignment=\u00bbdefault\u00bb background_color=\u00bb#3a6ee8&#8243; background_color_opacity=\u00bb1&#8243; background_hover_color_opacity=\u00bb1&#8243; column_backdrop_filter=\u00bbnone\u00bb column_shadow=\u00bbnone\u00bb column_border_radius=\u00bbnone\u00bb column_link_target=\u00bb_self\u00bb column_position=\u00bbdefault\u00bb gradient_direction=\u00bbleft_to_right\u00bb overlay_strength=\u00bb0.3&#8243; width=\u00bb1\/2&#8243; tablet_width_inherit=\u00bbdefault\u00bb animation_type=\u00bbdefault\u00bb bg_image_animation=\u00bbnone\u00bb border_type=\u00bbsimple\u00bb column_border_width=\u00bbnone\u00bb column_border_style=\u00bbsolid\u00bb][vc_column_text css=\u00bb\u00bb text_direction=\u00bbdefault\u00bb]\n<h2>Entrega de Premios y Cena de Gala<\/h2>\n<h1><span style=\"color: #2a3949;\">20:00 h.<\/span><\/h1>\n<h2>Estudio de Ana<\/h2>\n<p>Carril de los Canos, 104,<br \/>\n30006 Puente Tocinos, Murcia[\/vc_column_text][divider line_type=\u00bbNo Line\u00bb custom_height=\u00bb80&#8243;]<div class=\"nectar-fancy-ul\" data-list-icon=\"dot\" data-animation=\"true\" data-animation-delay=\"0\" data-spacing=\"default\" data-alignment=\"left\"> \n<h2><span style=\"color: #2a3949;\">19:45<\/span> Recepci\u00f3n y c\u00f3ctel<\/h2>\n <\/div>[divider line_type=\u00bbFull Width Line\u00bb line_thickness=\u00bb1&#8243; divider_color=\u00bbwhite\u00bb divider_opacity=\u00bb50&#8243; animate=\u00bbyes\u00bb custom_height=\u00bb40&#8243;]<div class=\"nectar-fancy-ul\" data-list-icon=\"dot\" data-animation=\"true\" data-animation-delay=\"0\" data-spacing=\"default\" data-alignment=\"left\"> \n<h2><span style=\"color: #2a3949;\">21:00<\/span> Premios DIATIC&#8217;26<\/h2>\n<h4>Cena de gala<\/h4>\n <\/div>[\/vc_column][\/vc_row]\n","protected":false},"excerpt":{"rendered":"<p>[vc_row type=\u00bbfull_width_content\u00bb full_screen_row_position=\u00bbmiddle\u00bb column_margin=\u00bbdefault\u00bb column_direction=\u00bbdefault\u00bb column_direction_tablet=\u00bbdefault\u00bb column_direction_phone=\u00bbdefault\u00bb bg_color=\u00bb#000000&#8243; scene_position=\u00bbcenter\u00bb text_color=\u00bblight\u00bb text_align=\u00bbleft\u00bb row_border_radius=\u00bbnone\u00bb row_border_radius_applies=\u00bbbg\u00bb overflow=\u00bbvisible\u00bb id=\u00bblocations\u00bb overlay_strength=\u00bb0.3&#8243; gradient_direction=\u00bbleft_to_right\u00bb shape_divider_position=\u00bbbottom\u00bb bg_image_animation=\u00bbnone\u00bb gradient_type=\u00bbdefault\u00bb shape_type=\u00bb\u00bb][vc_column column_padding=\u00bbpadding-6-percent\u00bb column_padding_tablet=\u00bbinherit\u00bb column_padding_phone=\u00bbinherit\u00bb column_padding_position=\u00bball\u00bb column_element_direction_desktop=\u00bbdefault\u00bb column_element_spacing=\u00bbdefault\u00bb desktop_text_alignment=\u00bbdefault\u00bb tablet_text_alignment=\u00bbdefault\u00bb phone_text_alignment=\u00bbdefault\u00bb&#8230;<\/p>\n","protected":false},"author":1,"featured_media":0,"parent":0,"menu_order":0,"comment_status":"open","ping_status":"closed","template":"","meta":{"footnotes":""},"class_list":["post-6054","page","type-page","status-publish"],"_links":{"self":[{"href":"https:\/\/diatic.es\/index.php\/wp-json\/wp\/v2\/pages\/6054","targetHints":{"allow":["GET"]}}],"collection":[{"href":"https:\/\/diatic.es\/index.php\/wp-json\/wp\/v2\/pages"}],"about":[{"href":"https:\/\/diatic.es\/index.php\/wp-json\/wp\/v2\/types\/page"}],"author":[{"embeddable":true,"href":"https:\/\/diatic.es\/index.php\/wp-json\/wp\/v2\/users\/1"}],"replies":[{"embeddable":true,"href":"https:\/\/diatic.es\/index.php\/wp-json\/wp\/v2\/comments?post=6054"}],"version-history":[{"count":53,"href":"https:\/\/diatic.es\/index.php\/wp-json\/wp\/v2\/pages\/6054\/revisions"}],"predecessor-version":[{"id":7435,"href":"https:\/\/diatic.es\/index.php\/wp-json\/wp\/v2\/pages\/6054\/revisions\/7435"}],"wp:attachment":[{"href":"https:\/\/diatic.es\/index.php\/wp-json\/wp\/v2\/media?parent=6054"}],"curies":[{"name":"wp","href":"https:\/\/api.w.org\/{rel}","templated":true}]}}